{"id":4609,"date":"2023-04-24T21:07:14","date_gmt":"2023-04-24T19:07:14","guid":{"rendered":"https:\/\/www.penke-reineward.de\/?page_id=4609"},"modified":"2023-05-24T16:03:22","modified_gmt":"2023-05-24T14:03:22","slug":"portfolio","status":"publish","type":"page","link":"https:\/\/www.penke-reineward.de\/en\/portfolio\/","title":{"rendered":"Portfolio"},"content":{"rendered":"<p><center><strong>Here we present you a small selection of our portfolio, which we showcase to you in 360 degrees.<\/strong><\/center><\/p>\n<div class=\"container\">\n<div class=\"four columns\">\n<div class=\"threesixty-image-rotate product\"><\/div>\n<h5>Tischk\u00fchler mit St\u00e4nderwerk und Ventilatoren<\/h5>\n<\/div>\n<div class=\"four columns\">\n<div class=\"threesixty-image-rotate product2\"><\/div>\n<h5>W\u00e4rmetauscher Doppelb\u00fcndel Kreuzgegenstrom<\/h5>\n<\/div>\n<div class=\"four columns\">\n<div class=\"threesixty-image-rotate product3\"><\/div>\n<h5>W\u00e4rmetauscher mit St\u00e4nderwerk und \u00dcbergangshauben mit Leitbleche<\/h5>\n<\/div>\n<\/div>\n<div class=\"container\">\n<div class=\"four columns\">\n<div class=\"threesixty-image-rotate product4\"><\/div>\n<h5>Standardw\u00e4rmetauscher<\/h5>\n<\/div>\n<div class=\"four columns\">\n<div class=\"threesixty-image-rotate product5\"><\/div>\n<h5>3-B\u00fcndel Gegenstromb\u00f6gen<\/h5>\n<\/div>\n<div class=\"four columns\">\n<div class=\"threesixty-image-rotate product6\"><\/div>\n<h5>Dampfregister mit St\u00e4nderwerk und \u00dcbergangshauben<\/h5>\n<\/div>\n<\/div>\n<div class=\"container\">\n<div class=\"four columns\">\n<div class=\"threesixty-image-rotate product7\"><\/div>\n<h5>W\u00e4rmer\u00fcckgewinnungssystem komplett Rohrschlangen<\/h5>\n<\/div>\n<div class=\"four columns\">\n<div class=\"threesixty-image-rotate product8\"><\/div>\n<h5>W\u00e4rmetauscher mit Regelstrecke und \u00dcbergangshauben<\/h5>\n<\/div>\n<div class=\"four columns\">\n<div class=\"threesixty-image-rotate product9\"><\/div>\n<h5>Doppelb\u00fcndel mit Temperaturmessung und \u00dcbergangshauben<\/h5>\n<\/div>\n<\/div>\n<div class=\"container\">\n<div class=\"four columns\">\n<div class=\"threesixty-image-rotate product10\"><\/div>\n<h5>Kondensator mit Geh\u00e4use komplett<\/h5>\n<\/div>\n<div class=\"four columns\"><\/div>\n<div class=\"four columns\"><\/div>\n<\/div>\n<div class=\"container\">\n<div class=\"twelve columns centered\">\n<a href=\"\/#kontakteditor\" class=\"button first\">Contact us<\/a><\/div>\n<\/div>\n","protected":false},"excerpt":{"rendered":"<p>Here we present you a small selection of our portfolio, which we showcase to you in 360 degrees. Tischk\u00fchler mit St\u00e4nderwerk und Ventilatoren W\u00e4rmetauscher Doppelb\u00fcndel Kreuzgegenstrom W\u00e4rmetauscher mit St\u00e4nderwerk und \u00dcbergangshauben mit Leitbleche Standardw\u00e4rmetauscher 3-B\u00fcndel Gegenstromb\u00f6gen Dampfregister mit St\u00e4nderwerk und \u00dcbergangshauben W\u00e4rmer\u00fcckgewinnungssystem komplett Rohrschlangen W\u00e4rmetauscher mit Regelstrecke und \u00dcbergangshauben Doppelb\u00fcndel mit Temperaturmessung und \u00dcbergangshauben Kondensator<a href=\"https:\/\/www.penke-reineward.de\/en\/portfolio\/\" class=\"more-link\"> [mehr lesen] <\/a><\/p>\n","protected":false},"author":1,"featured_media":0,"parent":0,"menu_order":0,"comment_status":"closed","ping_status":"closed","template":"page-360.php","meta":{"_acf_changed":false,"footnotes":""},"class_list":["post-4609","page","type-page","status-publish","hentry"],"acf":[],"yoast_head":"<!-- This site is optimized with the Yoast SEO plugin v26.9 - https:\/\/yoast.com\/product\/yoast-seo-wordpress\/ -->\n<title>Portfolio - Penke, Reineward &amp; Co. GmbH<\/title>\n<meta name=\"robots\" content=\"index, follow, max-snippet:-1, max-image-preview:large, max-video-preview:-1\" \/>\n<link rel=\"canonical\" href=\"https:\/\/www.penke-reineward.de\/en\/portfolio\/\" \/>\n<meta property=\"og:locale\" content=\"en_US\" \/>\n<meta property=\"og:type\" content=\"article\" \/>\n<meta property=\"og:title\" content=\"Portfolio - Penke, Reineward &amp; Co. GmbH\" \/>\n<meta property=\"og:description\" content=\"Here we present you a small selection of our portfolio, which we showcase to you in 360 degrees. Tischk\u00fchler mit St\u00e4nderwerk und Ventilatoren W\u00e4rmetauscher Doppelb\u00fcndel Kreuzgegenstrom W\u00e4rmetauscher mit St\u00e4nderwerk und \u00dcbergangshauben mit Leitbleche Standardw\u00e4rmetauscher 3-B\u00fcndel Gegenstromb\u00f6gen Dampfregister mit St\u00e4nderwerk und \u00dcbergangshauben W\u00e4rmer\u00fcckgewinnungssystem komplett Rohrschlangen W\u00e4rmetauscher mit Regelstrecke und \u00dcbergangshauben Doppelb\u00fcndel mit Temperaturmessung und \u00dcbergangshauben Kondensator [mehr lesen]\" \/>\n<meta property=\"og:url\" content=\"https:\/\/www.penke-reineward.de\/en\/portfolio\/\" \/>\n<meta property=\"og:site_name\" content=\"Penke, Reineward &amp; Co. GmbH\" \/>\n<meta property=\"article:modified_time\" content=\"2023-05-24T14:03:22+00:00\" \/>\n<meta property=\"og:image\" content=\"https:\/\/www.penke-reineward.de\/wp-content\/uploads\/2019\/04\/DSC_7169_ShiftN-scaled.jpg\" \/>\n\t<meta property=\"og:image:width\" content=\"2560\" \/>\n\t<meta property=\"og:image:height\" content=\"1746\" \/>\n\t<meta property=\"og:image:type\" content=\"image\/jpeg\" \/>\n<meta name=\"twitter:card\" content=\"summary_large_image\" \/>\n<meta name=\"twitter:label1\" content=\"Est. reading time\" \/>\n\t<meta name=\"twitter:data1\" content=\"1 minute\" \/>\n<script type=\"application\/ld+json\" class=\"yoast-schema-graph\">{\"@context\":\"https:\/\/schema.org\",\"@graph\":[{\"@type\":\"WebPage\",\"@id\":\"https:\/\/www.penke-reineward.de\/en\/portfolio\/\",\"url\":\"https:\/\/www.penke-reineward.de\/en\/portfolio\/\",\"name\":\"Portfolio - Penke, Reineward &amp; Co. GmbH\",\"isPartOf\":{\"@id\":\"https:\/\/www.penke-reineward.de\/en\/#website\"},\"datePublished\":\"2023-04-24T19:07:14+00:00\",\"dateModified\":\"2023-05-24T14:03:22+00:00\",\"breadcrumb\":{\"@id\":\"https:\/\/www.penke-reineward.de\/en\/portfolio\/#breadcrumb\"},\"inLanguage\":\"en-US\",\"potentialAction\":[{\"@type\":\"ReadAction\",\"target\":[\"https:\/\/www.penke-reineward.de\/en\/portfolio\/\"]}]},{\"@type\":\"BreadcrumbList\",\"@id\":\"https:\/\/www.penke-reineward.de\/en\/portfolio\/#breadcrumb\",\"itemListElement\":[{\"@type\":\"ListItem\",\"position\":1,\"name\":\"Startseite\",\"item\":\"https:\/\/www.penke-reineward.de\/en\/\"},{\"@type\":\"ListItem\",\"position\":2,\"name\":\"Portfolio\"}]},{\"@type\":\"WebSite\",\"@id\":\"https:\/\/www.penke-reineward.de\/en\/#website\",\"url\":\"https:\/\/www.penke-reineward.de\/en\/\",\"name\":\"Penke, Reineward &amp; Co. GmbH\",\"description\":\"Technischer Handel mit Industrieprodukten\",\"publisher\":{\"@id\":\"https:\/\/www.penke-reineward.de\/en\/#organization\"},\"potentialAction\":[{\"@type\":\"SearchAction\",\"target\":{\"@type\":\"EntryPoint\",\"urlTemplate\":\"https:\/\/www.penke-reineward.de\/en\/?s={search_term_string}\"},\"query-input\":{\"@type\":\"PropertyValueSpecification\",\"valueRequired\":true,\"valueName\":\"search_term_string\"}}],\"inLanguage\":\"en-US\"},{\"@type\":\"Organization\",\"@id\":\"https:\/\/www.penke-reineward.de\/en\/#organization\",\"name\":\"Penke, Reineward & Co. GmbH\",\"url\":\"https:\/\/www.penke-reineward.de\/en\/\",\"logo\":{\"@type\":\"ImageObject\",\"inLanguage\":\"en-US\",\"@id\":\"https:\/\/www.penke-reineward.de\/en\/#\/schema\/logo\/image\/\",\"url\":\"https:\/\/www.penke-reineward.de\/wp-content\/uploads\/2023\/04\/penke-reineward-logo.png\",\"contentUrl\":\"https:\/\/www.penke-reineward.de\/wp-content\/uploads\/2023\/04\/penke-reineward-logo.png\",\"width\":389,\"height\":120,\"caption\":\"Penke, Reineward & Co. GmbH\"},\"image\":{\"@id\":\"https:\/\/www.penke-reineward.de\/en\/#\/schema\/logo\/image\/\"}}]}<\/script>\n<!-- \/ Yoast SEO plugin. -->","yoast_head_json":{"title":"Portfolio - Penke, Reineward &amp; Co. GmbH","robots":{"index":"index","follow":"follow","max-snippet":"max-snippet:-1","max-image-preview":"max-image-preview:large","max-video-preview":"max-video-preview:-1"},"canonical":"https:\/\/www.penke-reineward.de\/en\/portfolio\/","og_locale":"en_US","og_type":"article","og_title":"Portfolio - Penke, Reineward &amp; Co. GmbH","og_description":"Here we present you a small selection of our portfolio, which we showcase to you in 360 degrees. Tischk\u00fchler mit St\u00e4nderwerk und Ventilatoren W\u00e4rmetauscher Doppelb\u00fcndel Kreuzgegenstrom W\u00e4rmetauscher mit St\u00e4nderwerk und \u00dcbergangshauben mit Leitbleche Standardw\u00e4rmetauscher 3-B\u00fcndel Gegenstromb\u00f6gen Dampfregister mit St\u00e4nderwerk und \u00dcbergangshauben W\u00e4rmer\u00fcckgewinnungssystem komplett Rohrschlangen W\u00e4rmetauscher mit Regelstrecke und \u00dcbergangshauben Doppelb\u00fcndel mit Temperaturmessung und \u00dcbergangshauben Kondensator [mehr lesen]","og_url":"https:\/\/www.penke-reineward.de\/en\/portfolio\/","og_site_name":"Penke, Reineward &amp; Co. GmbH","article_modified_time":"2023-05-24T14:03:22+00:00","og_image":[{"width":2560,"height":1746,"url":"https:\/\/www.penke-reineward.de\/wp-content\/uploads\/2019\/04\/DSC_7169_ShiftN-scaled.jpg","type":"image\/jpeg"}],"twitter_card":"summary_large_image","twitter_misc":{"Est. reading time":"1 minute"},"schema":{"@context":"https:\/\/schema.org","@graph":[{"@type":"WebPage","@id":"https:\/\/www.penke-reineward.de\/en\/portfolio\/","url":"https:\/\/www.penke-reineward.de\/en\/portfolio\/","name":"Portfolio - Penke, Reineward &amp; Co. GmbH","isPartOf":{"@id":"https:\/\/www.penke-reineward.de\/en\/#website"},"datePublished":"2023-04-24T19:07:14+00:00","dateModified":"2023-05-24T14:03:22+00:00","breadcrumb":{"@id":"https:\/\/www.penke-reineward.de\/en\/portfolio\/#breadcrumb"},"inLanguage":"en-US","potentialAction":[{"@type":"ReadAction","target":["https:\/\/www.penke-reineward.de\/en\/portfolio\/"]}]},{"@type":"BreadcrumbList","@id":"https:\/\/www.penke-reineward.de\/en\/portfolio\/#breadcrumb","itemListElement":[{"@type":"ListItem","position":1,"name":"Startseite","item":"https:\/\/www.penke-reineward.de\/en\/"},{"@type":"ListItem","position":2,"name":"Portfolio"}]},{"@type":"WebSite","@id":"https:\/\/www.penke-reineward.de\/en\/#website","url":"https:\/\/www.penke-reineward.de\/en\/","name":"Penke, Reineward &amp; Co. GmbH","description":"Technischer Handel mit Industrieprodukten","publisher":{"@id":"https:\/\/www.penke-reineward.de\/en\/#organization"},"potentialAction":[{"@type":"SearchAction","target":{"@type":"EntryPoint","urlTemplate":"https:\/\/www.penke-reineward.de\/en\/?s={search_term_string}"},"query-input":{"@type":"PropertyValueSpecification","valueRequired":true,"valueName":"search_term_string"}}],"inLanguage":"en-US"},{"@type":"Organization","@id":"https:\/\/www.penke-reineward.de\/en\/#organization","name":"Penke, Reineward & Co. GmbH","url":"https:\/\/www.penke-reineward.de\/en\/","logo":{"@type":"ImageObject","inLanguage":"en-US","@id":"https:\/\/www.penke-reineward.de\/en\/#\/schema\/logo\/image\/","url":"https:\/\/www.penke-reineward.de\/wp-content\/uploads\/2023\/04\/penke-reineward-logo.png","contentUrl":"https:\/\/www.penke-reineward.de\/wp-content\/uploads\/2023\/04\/penke-reineward-logo.png","width":389,"height":120,"caption":"Penke, Reineward & Co. GmbH"},"image":{"@id":"https:\/\/www.penke-reineward.de\/en\/#\/schema\/logo\/image\/"}}]}},"_links":{"self":[{"href":"https:\/\/www.penke-reineward.de\/en\/wp-json\/wp\/v2\/pages\/4609","targetHints":{"allow":["GET"]}}],"collection":[{"href":"https:\/\/www.penke-reineward.de\/en\/wp-json\/wp\/v2\/pages"}],"about":[{"href":"https:\/\/www.penke-reineward.de\/en\/wp-json\/wp\/v2\/types\/page"}],"author":[{"embeddable":true,"href":"https:\/\/www.penke-reineward.de\/en\/wp-json\/wp\/v2\/users\/1"}],"replies":[{"embeddable":true,"href":"https:\/\/www.penke-reineward.de\/en\/wp-json\/wp\/v2\/comments?post=4609"}],"version-history":[{"count":2,"href":"https:\/\/www.penke-reineward.de\/en\/wp-json\/wp\/v2\/pages\/4609\/revisions"}],"predecessor-version":[{"id":4736,"href":"https:\/\/www.penke-reineward.de\/en\/wp-json\/wp\/v2\/pages\/4609\/revisions\/4736"}],"wp:attachment":[{"href":"https:\/\/www.penke-reineward.de\/en\/wp-json\/wp\/v2\/media?parent=4609"}],"curies":[{"name":"wp","href":"https:\/\/api.w.org\/{rel}","templated":true}]}}